{"id":667,"date":"2025-03-07T10:23:55","date_gmt":"2025-03-07T10:23:55","guid":{"rendered":"https:\/\/salgueiras.org\/?page_id=667"},"modified":"2025-03-07T10:23:55","modified_gmt":"2025-03-07T10:23:55","slug":"politica-de-cookies","status":"publish","type":"page","link":"https:\/\/salgueiras.org\/index.php\/politica-de-cookies\/","title":{"rendered":"Pol\u00edtica de Cookies"},"content":{"rendered":"<p>[et_pb_section fb_built=\u00bb1&#8243; _builder_version=\u00bb4.27.4&#8243; _module_preset=\u00bbdefault\u00bb global_colors_info=\u00bb{}\u00bb][et_pb_row _builder_version=\u00bb4.27.4&#8243; _module_preset=\u00bbdefault\u00bb global_colors_info=\u00bb{}\u00bb][et_pb_column type=\u00bb4_4&#8243; _builder_version=\u00bb4.27.4&#8243; _module_preset=\u00bbdefault\u00bb global_colors_info=\u00bb{}\u00bb][et_pb_text _builder_version=\u00bb4.27.4&#8243; _module_preset=\u00bbdefault\u00bb hover_enabled=\u00bb0&#8243; global_colors_info=\u00bb{}\u00bb custom_margin=\u00bb100px||100px||false|false\u00bb sticky_enabled=\u00bb0&#8243;]<\/p>\n<h2 class=\"my-3\">Pol\u00edtica de Cookies<\/h2>\n<p>Esta p\u00e1gina web utiliza cookies que son peque\u00f1os archivos que guardan tus preferencias de navegaci\u00f3n, idioma preferido o el carrito de la compra, de manera que en sucesivas visitas tus preferencias se aplican de forma m\u00e1s sencilla e inmediata.<\/p>\n<p>Utilizamos cookies propias y de terceros, para realizar el an\u00e1lisis de la navegaci\u00f3n de los usuarios.<\/p>\n<p>Si contin\u00faas navegando, consideramos que aceptas su uso.<\/p>\n<p>Si quieres saber c\u00f3mo configurar las cookies en tu navegador, puedes obtener la informaci\u00f3n en los siguientes enlaces:<\/p>\n<ul>\n<li>Chrome<\/li>\n<li>Explorer<\/li>\n<li>Firefox<\/li>\n<li>Safari<\/li>\n<\/ul>\n<p>&nbsp;<\/p>\n<p>Este sitio web utiliza cookies para mejorar la experiencia de uso del visitante y para realizar tareas de an\u00e1lisis. Al aceptar entendemos que das tu consentimiento a nuestra pol\u00edtica de cookies.<\/p>\n<h2 class=\"my-3\">Cookies y Privacidad<\/h2>\n<p>Para la utilizaci\u00f3n de nuestro sitio web es necesario la utilizaci\u00f3n de cookies. Las cookies se utilizan con la finalidad de facilitar la navegaci\u00f3n a los usuarios. Ning\u00fan dato de car\u00e1cter personal del usuario se almacenar\u00e1. Si usted lo desea puede configurar su navegador para ser avisado en pantalla de la recepci\u00f3n de cookies y para impedir la instalaci\u00f3n de cookies en su disco duro. Por favor, consulte las instrucciones y manuales de su navegador para ampliar esta informaci\u00f3n.<\/p>\n<h2 style=\"text-align: justify;\">Condiciones del servicio Google Analytics<\/h2>\n<p style=\"text-align: justify;\">Esta p\u00e1gina web utiliza Google Analytics, un servicio anal\u00edtico de web prestado por Google, Inc., una compa\u00f1\u00eda de Delaware cuya oficina principal est\u00e1 en 1600 Amphitheatre Parkway, Mountain View (California), CA 94043, Estados Unidos (\u2018Google\u2019). Google Analytics utiliza \u2018cookies\u2019, que son archivos de texto ubicados en su ordenador, para ayudar al sitio web a analizar el uso que hacen los usuarios del sitio web. La informaci\u00f3n que genera la cookie acerca de su uso del sitio web (incluyendo su direcci\u00f3n IP) ser\u00e1 directamente transmitida y archivada por Google en los servidores de Estados Unidos. Google usar\u00e1 esta informaci\u00f3n por cuenta nuestra con el prop\u00f3sito de seguir la pista de su uso del sitio web, recopilando informes de la actividad del sitio web y prestando otros servicios relacionados con la actividad del sitio web y el uso de Internet. Google podr\u00e1 transmitir dicha informaci\u00f3n a terceros cuando as\u00ed se lo requiera la legislaci\u00f3n, o cuando dichos terceros procesen la informaci\u00f3n por cuenta de Google. Google no asociar\u00e1 su direcci\u00f3n IP con ning\u00fan otro dato del que disponga Google. Puede Usted rechazar el tratamiento de los datos o la informaci\u00f3n rechazando el uso de cookies mediante la selecci\u00f3n de la configuraci\u00f3n apropiada de su navegador, sin embargo, debe Usted saber que si lo hace puede ser que no pueda usar la plena funcionabilidad de esta p\u00e1gina web. Al utilizar este sitio web Usted consiente el tratamiento de informaci\u00f3n acerca de Usted por Google en la forma y para los fines arriba indicados.<\/p>\n<p style=\"text-align: justify;\"><a class=\"text-underline\" title=\"\" href=\"https:\/\/www.google.es\/intl\/es_ALL\/analytics\/learn\/privacy.html\" target=\"_blank\" rel=\"noopener noreferrer\">https:\/\/www.google.es\/intl\/es_ALL\/analytics\/learn\/privacy.html<\/a><\/p>\n<h2 style=\"text-align: justify;\">Reglas de uso de la p\u00e1gina web<\/h2>\n<p style=\"text-align: justify;\">El usuario se obliga a hacer un uso correcto de la p\u00e1gina web de conformidad con la Ley y con las presentes condiciones. El usuario responder\u00e1 frente al titular de este sitio web y frente a terceros por cualquier da\u00f1o y perjuicio que pudiera causar el incumplimiento de esta obligaci\u00f3n.<\/p>\n<p style=\"text-align: justify;\">El acceso a esta p\u00e1gina web tiene car\u00e1cter gratuito. Sus contenidos tienen un valor meramente informativo y su \u00fanica finalidad es mostrar a los clientes y usuarios de la web informaci\u00f3n corporativa de FUNDACI\u00d3N AS SALGUEIRAS y de sus productos y servicios.<\/p>\n<h2 style=\"text-align: justify;\"><\/h2>\n<h2 style=\"text-align: justify;\">Exclusi\u00f3n de responsabilidad<\/h2>\n<p style=\"text-align: justify;\">\u00a0Por la calidad de la informaci\u00f3n: el acceso al Sitio web no implica obligaci\u00f3n por parte de GALOP\u00cdN de comprobar la veracidad, exactitud y actualidad de la informaci\u00f3n suministrada.<\/p>\n<p style=\"text-align: justify;\">\u00a0Por la calidad del servicio: el acceso al Sitio web no implica obligaci\u00f3n por parte de FUNDACI\u00d3N AS SALGUEIRAS de controlar la ausencia de virus y\/o cualquier componente da\u00f1ino en el sitio web o servidor que lo suministra. En todo caso, corresponde al usuario la disponibilidad de herramientas t\u00e9cnicas de seguridad adecuadas para la detecci\u00f3n y desinfecci\u00f3n de programas inform\u00e1ticos da\u00f1inos.<\/p>\n<p style=\"text-align: justify;\">\u00a0Por la disponibilidad del servicio: FUNDACI\u00d3N AS SALGUEIRAS no garantiza ni se hace responsable de la continuidad de los contenidos del sitio web. Por consiguiente, los servicios suministrados a trav\u00e9s de este Sitio web pueden ser suspendidos o cancelados en cualquier momento por el titular del mismo, no haci\u00e9ndose responsable de los da\u00f1os causados a terceros.<\/p>\n<h2 style=\"text-align: justify;\">Legislaci\u00f3n aplicable<\/h2>\n<p style=\"text-align: justify;\">Las relaciones establecidas entre el Usuario y el titular del sitio web, se regir\u00e1n conforme a lo dispuesto en la legislaci\u00f3n espa\u00f1ola aplicable vigente y se someter\u00e1n a la jurisdicci\u00f3n de los Juzgados y Tribunales de A Coru\u00f1a.<\/p>\n<p style=\"text-align: justify;\">[\/et_pb_text][\/et_pb_column][\/et_pb_row][\/et_pb_section]<\/p>\n","protected":false},"excerpt":{"rendered":"<p>Pol\u00edtica de Cookies Esta p\u00e1gina web utiliza cookies que son peque\u00f1os archivos que guardan tus preferencias de navegaci\u00f3n, idioma preferido o el carrito de la compra, de manera que en sucesivas visitas tus preferencias se aplican de forma m\u00e1s sencilla e inmediata. Utilizamos cookies propias y de terceros, para realizar el an\u00e1lisis de la navegaci\u00f3n [&hellip;]<\/p>\n","protected":false},"author":3,"featured_media":0,"parent":0,"menu_order":0,"comment_status":"closed","ping_status":"closed","template":"","meta":{"_et_pb_use_builder":"on","_et_pb_old_content":"","_et_gb_content_width":"","_monsterinsights_skip_tracking":false,"_monsterinsights_sitenote_active":false,"_monsterinsights_sitenote_note":"","_monsterinsights_sitenote_category":0,"_uf_show_specific_survey":0,"_uf_disable_surveys":false,"footnotes":""},"class_list":["post-667","page","type-page","status-publish","hentry"],"yoast_head":"<!-- This site is optimized with the Yoast SEO plugin v27.3 - https:\/\/yoast.com\/product\/yoast-seo-wordpress\/ -->\n<title>Pol\u00edtica de Cookies - As Salgueiras<\/title>\n<meta name=\"robots\" content=\"index, follow, max-snippet:-1, max-image-preview:large, max-video-preview:-1\" \/>\n<link rel=\"canonical\" href=\"https:\/\/salgueiras.org\/index.php\/politica-de-cookies\/\" \/>\n<meta property=\"og:locale\" content=\"es_ES\" \/>\n<meta property=\"og:type\" content=\"article\" \/>\n<meta property=\"og:title\" content=\"Pol\u00edtica de Cookies - As Salgueiras\" \/>\n<meta property=\"og:description\" content=\"Pol\u00edtica de Cookies Esta p\u00e1gina web utiliza cookies que son peque\u00f1os archivos que guardan tus preferencias de navegaci\u00f3n, idioma preferido o el carrito de la compra, de manera que en sucesivas visitas tus preferencias se aplican de forma m\u00e1s sencilla e inmediata. Utilizamos cookies propias y de terceros, para realizar el an\u00e1lisis de la navegaci\u00f3n [&hellip;]\" \/>\n<meta property=\"og:url\" content=\"https:\/\/salgueiras.org\/index.php\/politica-de-cookies\/\" \/>\n<meta property=\"og:site_name\" content=\"As Salgueiras\" \/>\n<meta name=\"twitter:card\" content=\"summary_large_image\" \/>\n<meta name=\"twitter:label1\" content=\"Tiempo de lectura\" \/>\n\t<meta name=\"twitter:data1\" content=\"4 minutos\" \/>\n<script type=\"application\/ld+json\" class=\"yoast-schema-graph\">{\"@context\":\"https:\\\/\\\/schema.org\",\"@graph\":[{\"@type\":\"WebPage\",\"@id\":\"https:\\\/\\\/salgueiras.org\\\/index.php\\\/politica-de-cookies\\\/\",\"url\":\"https:\\\/\\\/salgueiras.org\\\/index.php\\\/politica-de-cookies\\\/\",\"name\":\"Pol\u00edtica de Cookies - As Salgueiras\",\"isPartOf\":{\"@id\":\"https:\\\/\\\/salgueiras.org\\\/#website\"},\"datePublished\":\"2025-03-07T10:23:55+00:00\",\"breadcrumb\":{\"@id\":\"https:\\\/\\\/salgueiras.org\\\/index.php\\\/politica-de-cookies\\\/#breadcrumb\"},\"inLanguage\":\"es\",\"potentialAction\":[{\"@type\":\"ReadAction\",\"target\":[\"https:\\\/\\\/salgueiras.org\\\/index.php\\\/politica-de-cookies\\\/\"]}]},{\"@type\":\"BreadcrumbList\",\"@id\":\"https:\\\/\\\/salgueiras.org\\\/index.php\\\/politica-de-cookies\\\/#breadcrumb\",\"itemListElement\":[{\"@type\":\"ListItem\",\"position\":1,\"name\":\"Portada\",\"item\":\"https:\\\/\\\/salgueiras.org\\\/\"},{\"@type\":\"ListItem\",\"position\":2,\"name\":\"Pol\u00edtica de Cookies\"}]},{\"@type\":\"WebSite\",\"@id\":\"https:\\\/\\\/salgueiras.org\\\/#website\",\"url\":\"https:\\\/\\\/salgueiras.org\\\/\",\"name\":\"As Salgueiras\",\"description\":\"La Fundaci\u00f3n en Entorno Verde\",\"potentialAction\":[{\"@type\":\"SearchAction\",\"target\":{\"@type\":\"EntryPoint\",\"urlTemplate\":\"https:\\\/\\\/salgueiras.org\\\/?s={search_term_string}\"},\"query-input\":{\"@type\":\"PropertyValueSpecification\",\"valueRequired\":true,\"valueName\":\"search_term_string\"}}],\"inLanguage\":\"es\"}]}<\/script>\n<!-- \/ Yoast SEO plugin. -->","yoast_head_json":{"title":"Pol\u00edtica de Cookies - As Salgueiras","robots":{"index":"index","follow":"follow","max-snippet":"max-snippet:-1","max-image-preview":"max-image-preview:large","max-video-preview":"max-video-preview:-1"},"canonical":"https:\/\/salgueiras.org\/index.php\/politica-de-cookies\/","og_locale":"es_ES","og_type":"article","og_title":"Pol\u00edtica de Cookies - As Salgueiras","og_description":"Pol\u00edtica de Cookies Esta p\u00e1gina web utiliza cookies que son peque\u00f1os archivos que guardan tus preferencias de navegaci\u00f3n, idioma preferido o el carrito de la compra, de manera que en sucesivas visitas tus preferencias se aplican de forma m\u00e1s sencilla e inmediata. Utilizamos cookies propias y de terceros, para realizar el an\u00e1lisis de la navegaci\u00f3n [&hellip;]","og_url":"https:\/\/salgueiras.org\/index.php\/politica-de-cookies\/","og_site_name":"As Salgueiras","twitter_card":"summary_large_image","twitter_misc":{"Tiempo de lectura":"4 minutos"},"schema":{"@context":"https:\/\/schema.org","@graph":[{"@type":"WebPage","@id":"https:\/\/salgueiras.org\/index.php\/politica-de-cookies\/","url":"https:\/\/salgueiras.org\/index.php\/politica-de-cookies\/","name":"Pol\u00edtica de Cookies - As Salgueiras","isPartOf":{"@id":"https:\/\/salgueiras.org\/#website"},"datePublished":"2025-03-07T10:23:55+00:00","breadcrumb":{"@id":"https:\/\/salgueiras.org\/index.php\/politica-de-cookies\/#breadcrumb"},"inLanguage":"es","potentialAction":[{"@type":"ReadAction","target":["https:\/\/salgueiras.org\/index.php\/politica-de-cookies\/"]}]},{"@type":"BreadcrumbList","@id":"https:\/\/salgueiras.org\/index.php\/politica-de-cookies\/#breadcrumb","itemListElement":[{"@type":"ListItem","position":1,"name":"Portada","item":"https:\/\/salgueiras.org\/"},{"@type":"ListItem","position":2,"name":"Pol\u00edtica de Cookies"}]},{"@type":"WebSite","@id":"https:\/\/salgueiras.org\/#website","url":"https:\/\/salgueiras.org\/","name":"As Salgueiras","description":"La Fundaci\u00f3n en Entorno Verde","potentialAction":[{"@type":"SearchAction","target":{"@type":"EntryPoint","urlTemplate":"https:\/\/salgueiras.org\/?s={search_term_string}"},"query-input":{"@type":"PropertyValueSpecification","valueRequired":true,"valueName":"search_term_string"}}],"inLanguage":"es"}]}},"_links":{"self":[{"href":"https:\/\/salgueiras.org\/index.php\/wp-json\/wp\/v2\/pages\/667","targetHints":{"allow":["GET"]}}],"collection":[{"href":"https:\/\/salgueiras.org\/index.php\/wp-json\/wp\/v2\/pages"}],"about":[{"href":"https:\/\/salgueiras.org\/index.php\/wp-json\/wp\/v2\/types\/page"}],"author":[{"embeddable":true,"href":"https:\/\/salgueiras.org\/index.php\/wp-json\/wp\/v2\/users\/3"}],"replies":[{"embeddable":true,"href":"https:\/\/salgueiras.org\/index.php\/wp-json\/wp\/v2\/comments?post=667"}],"version-history":[{"count":0,"href":"https:\/\/salgueiras.org\/index.php\/wp-json\/wp\/v2\/pages\/667\/revisions"}],"wp:attachment":[{"href":"https:\/\/salgueiras.org\/index.php\/wp-json\/wp\/v2\/media?parent=667"}],"curies":[{"name":"wp","href":"https:\/\/api.w.org\/{rel}","templated":true}]}}